{"id":80,"date":"2023-08-25T21:07:41","date_gmt":"2023-08-25T19:07:41","guid":{"rendered":"https:\/\/cpid.fr\/?page_id=80"},"modified":"2025-04-30T18:58:44","modified_gmt":"2025-04-30T16:58:44","slug":"bureau","status":"publish","type":"page","link":"https:\/\/cpid.fr\/index.php\/bureau\/","title":{"rendered":"Bureau"},"content":{"rendered":"<div class=\"wp-block-image\">\n<figure class=\"aligncenter size-full is-resized\"><img fetchpriority=\"high\" decoding=\"async\" width=\"1280\" height=\"720\" src=\"https:\/\/cpid.fr\/wp-content\/uploads\/2024\/12\/maxresdefault.jpg\" alt=\"\" class=\"wp-image-393\" style=\"aspect-ratio:4\/3;object-fit:cover;width:271px;height:auto\" srcset=\"https:\/\/cpid.fr\/wp-content\/uploads\/2024\/12\/maxresdefault.jpg 1280w, https:\/\/cpid.fr\/wp-content\/uploads\/2024\/12\/maxresdefault-768x432.jpg 768w\" sizes=\"(max-width: 1280px) 100vw, 1280px\" \/><\/figure>\n<\/div>\n\n\n<p class=\"has-text-align-center\"><strong>Mme Christine Arrighi<br><\/strong>Pr\u00e9sidente<br>Secr\u00e9taire Commission des finances<br>Haute-Garonne (9e circonscription) | Mandat en cours<\/p>\n\n\n\n<hr class=\"wp-block-separator has-alpha-channel-opacity\"\/>\n\n\n<div class=\"wp-block-image is-style-default\">\n<figure class=\"aligncenter size-full is-resized\"><img decoding=\"async\" width=\"932\" height=\"582\" src=\"https:\/\/cpid.fr\/wp-content\/uploads\/2023\/08\/NIC3JJRQUIYDTJHCLELX77UFEE.jpg\" alt=\"\" class=\"wp-image-87\" style=\"aspect-ratio:4\/3;object-fit:cover;width:250px;height:undefinedpx\" srcset=\"https:\/\/cpid.fr\/wp-content\/uploads\/2023\/08\/NIC3JJRQUIYDTJHCLELX77UFEE.jpg 932w, https:\/\/cpid.fr\/wp-content\/uploads\/2023\/08\/NIC3JJRQUIYDTJHCLELX77UFEE-768x479.jpg 768w, https:\/\/cpid.fr\/wp-content\/uploads\/2023\/08\/NIC3JJRQUIYDTJHCLELX77UFEE-80x50.jpg 80w\" sizes=\"(max-width: 932px) 100vw, 932px\" \/><\/figure>\n<\/div>\n\n\n<p class=\"has-text-align-center\"><strong>M. Andr\u00e9 Chassaigne<br><\/strong>Pr\u00e9sident d\u2019honneur <br> Ancien D\u00e9put\u00e9 du Puy-de-D\u00f4me<\/p>\n\n\n\n<hr class=\"wp-block-separator has-alpha-channel-opacity\"\/>\n\n\n<div class=\"wp-block-image is-style-default\">\n<figure class=\"aligncenter size-full is-resized\"><img decoding=\"async\" width=\"2000\" height=\"1000\" src=\"https:\/\/cpid.fr\/wp-content\/uploads\/2023\/08\/220620-GOSSELIN.jpg\" alt=\"\" class=\"wp-image-100\" style=\"object-fit:cover;width:266px;height:133px\" srcset=\"https:\/\/cpid.fr\/wp-content\/uploads\/2023\/08\/220620-GOSSELIN.jpg 2000w, https:\/\/cpid.fr\/wp-content\/uploads\/2023\/08\/220620-GOSSELIN-768x384.jpg 768w\" sizes=\"(max-width: 2000px) 100vw, 2000px\" \/><\/figure>\n<\/div>\n\n\n<p class=\"has-text-align-center\"><strong>M. Philippe Gosselin<br><\/strong>Vice-pr\u00e9sident<br>Vice-pr\u00e9sident Commission des lois<br>Manche (1re circonscription) | Mandat en cours<\/p>\n\n\n\n<hr class=\"wp-block-separator has-alpha-channel-opacity\"\/>\n\n\n<div class=\"wp-block-image is-style-default\">\n<figure class=\"aligncenter size-full is-resized\"><img loading=\"lazy\" decoding=\"async\" width=\"1387\" height=\"969\" src=\"https:\/\/cpid.fr\/wp-content\/uploads\/2023\/08\/les-deputes-socialistes-de-l-ardeche-et-des-landes-herve-saulignac-et-boris-vallaud-ont-remis-au-gouvernement-34-propositions-pour-que-vive-le-tourisme-photo-le-dl-fabrice-anterion-1588878227.jpg\" alt=\"\" class=\"wp-image-104\" style=\"object-fit:cover;width:258px;height:180px\" srcset=\"https:\/\/cpid.fr\/wp-content\/uploads\/2023\/08\/les-deputes-socialistes-de-l-ardeche-et-des-landes-herve-saulignac-et-boris-vallaud-ont-remis-au-gouvernement-34-propositions-pour-que-vive-le-tourisme-photo-le-dl-fabrice-anterion-1588878227.jpg 1387w, https:\/\/cpid.fr\/wp-content\/uploads\/2023\/08\/les-deputes-socialistes-de-l-ardeche-et-des-landes-herve-saulignac-et-boris-vallaud-ont-remis-au-gouvernement-34-propositions-pour-que-vive-le-tourisme-photo-le-dl-fabrice-anterion-1588878227-768x536.jpg 768w\" sizes=\"(max-width: 1387px) 100vw, 1387px\" \/><\/figure>\n<\/div>\n\n\n<p class=\"has-text-align-center\"><strong>M. Herv\u00e9 Saulignac<br><\/strong>Vice-pr\u00e9sident<br>Ard\u00e8che (1re circonscription) | Mandat en cours<\/p>\n\n\n\n<hr class=\"wp-block-separator has-alpha-channel-opacity\"\/>\n\n\n<div class=\"wp-block-image\">\n<figure class=\"aligncenter size-full is-resized\"><img loading=\"lazy\" decoding=\"async\" width=\"512\" height=\"512\" src=\"https:\/\/cpid.fr\/wp-content\/uploads\/2024\/12\/louault_vincent21054e_carre.jpg\" alt=\"\" class=\"wp-image-399\" style=\"object-fit:cover;width:229px;height:auto\" srcset=\"https:\/\/cpid.fr\/wp-content\/uploads\/2024\/12\/louault_vincent21054e_carre.jpg 512w, https:\/\/cpid.fr\/wp-content\/uploads\/2024\/12\/louault_vincent21054e_carre-300x300.jpg 300w, https:\/\/cpid.fr\/wp-content\/uploads\/2024\/12\/louault_vincent21054e_carre-150x150.jpg 150w\" sizes=\"(max-width: 512px) 100vw, 512px\" \/><\/figure>\n<\/div>\n\n\n<p class=\"has-text-align-center\"><strong>Vincent LOUAULT<br><\/strong>Vice-pr\u00e9sident<br>S\u00e9nateur d&#8217;Indre-et-Loire (Centre-Val de Loire)<\/p>\n","protected":false},"excerpt":{"rendered":"<p>Mme Christine ArrighiPr\u00e9sidenteSecr\u00e9taire Commission des financesHaute-Garonne (9e circonscription) | Mandat en cours M. Andr\u00e9 ChassaignePr\u00e9sident d\u2019honneur Ancien D\u00e9put\u00e9 du Puy-de-D\u00f4me M. Philippe GosselinVice-pr\u00e9sidentVice-pr\u00e9sident Commission des loisManche (1re circonscription) | Mandat en cours M. Herv\u00e9 SaulignacVice-pr\u00e9sidentArd\u00e8che (1re circonscription) | Mandat en &hellip; <a href=\"https:\/\/cpid.fr\/index.php\/bureau\/\">Continued<\/a><\/p>\n","protected":false},"author":2,"featured_media":0,"parent":0,"menu_order":0,"comment_status":"closed","ping_status":"closed","template":"","meta":{"footnotes":""},"class_list":["post-80","page","type-page","status-publish","hentry"],"_links":{"self":[{"href":"https:\/\/cpid.fr\/index.php\/wp-json\/wp\/v2\/pages\/80","targetHints":{"allow":["GET"]}}],"collection":[{"href":"https:\/\/cpid.fr\/index.php\/wp-json\/wp\/v2\/pages"}],"about":[{"href":"https:\/\/cpid.fr\/index.php\/wp-json\/wp\/v2\/types\/page"}],"author":[{"embeddable":true,"href":"https:\/\/cpid.fr\/index.php\/wp-json\/wp\/v2\/users\/2"}],"replies":[{"embeddable":true,"href":"https:\/\/cpid.fr\/index.php\/wp-json\/wp\/v2\/comments?post=80"}],"version-history":[{"count":34,"href":"https:\/\/cpid.fr\/index.php\/wp-json\/wp\/v2\/pages\/80\/revisions"}],"predecessor-version":[{"id":445,"href":"https:\/\/cpid.fr\/index.php\/wp-json\/wp\/v2\/pages\/80\/revisions\/445"}],"wp:attachment":[{"href":"https:\/\/cpid.fr\/index.php\/wp-json\/wp\/v2\/media?parent=80"}],"curies":[{"name":"wp","href":"https:\/\/api.w.org\/{rel}","templated":true}]}}