{"id":11,"date":"2023-08-24T14:23:47","date_gmt":"2023-08-24T12:23:47","guid":{"rendered":"https:\/\/cpid.fr\/?page_id=11"},"modified":"2025-12-19T19:21:18","modified_gmt":"2025-12-19T18:21:18","slug":"publications","status":"publish","type":"page","link":"https:\/\/cpid.fr\/index.php\/publications\/","title":{"rendered":"Publications"},"content":{"rendered":"\n<div class=\"wp-block-group\"><div class=\"wp-block-group__inner-container is-layout-constrained wp-block-group-is-layout-constrained\">\n<div class=\"wp-block-columns is-layout-flex wp-container-core-columns-is-layout-9d6595d7 wp-block-columns-is-layout-flex\">\n<div class=\"wp-block-column is-layout-flow wp-block-column-is-layout-flow\" style=\"flex-basis:100%\"><\/div>\n<\/div>\n<\/div><\/div>\n\n\n\n<h2 class=\"wp-block-heading\">Situation de crise en Iran : quelle sortie ?<br>Conf\u00e9rence au Palais Bourbon &#8211; 15 d\u00e9cembre 2025<\/h2>\n\n\n\n<div data-wp-interactive=\"core\/file\" class=\"wp-block-file\"><object data-wp-bind--hidden=\"!state.hasPdfPreview\" hidden class=\"wp-block-file__embed\" data=\"https:\/\/cpid.fr\/wp-content\/uploads\/2025\/12\/CPID-15-12-2025.pdf\" type=\"application\/pdf\" style=\"width:100%;height:600px\" aria-label=\"Embed of CPID - 15-12-2025.\"><\/object><a id=\"wp-block-file--media-f198c203-f157-4989-991a-e0122722d772\" href=\"https:\/\/cpid.fr\/wp-content\/uploads\/2025\/12\/CPID-15-12-2025.pdf\">CPID &#8211; 15-12-2025<\/a><a href=\"https:\/\/cpid.fr\/wp-content\/uploads\/2025\/12\/CPID-15-12-2025.pdf\" class=\"wp-block-file__button wp-element-button\" download aria-describedby=\"wp-block-file--media-f198c203-f157-4989-991a-e0122722d772\">Download<\/a><\/div>\n\n\n\n<hr class=\"wp-block-separator has-alpha-channel-opacity\"\/>\n\n\n\n<h2 class=\"wp-block-heading\">Cl\u00e9 de la crise au Moyen-Orient &#8211; Colloque \u00e0 la Maison de la Chemie &#8211; le 27 novembre 2024<\/h2>\n\n\n\n<div data-wp-interactive=\"core\/file\" class=\"wp-block-file\"><object data-wp-bind--hidden=\"!state.hasPdfPreview\" hidden class=\"wp-block-file__embed\" data=\"https:\/\/cpid.fr\/wp-content\/uploads\/2025\/02\/CPID-Colloque-27-Nov-2024-2.pdf\" type=\"application\/pdf\" style=\"width:100%;height:630px\" aria-label=\"Embed of CPID- Colloque - 27 Nov 2024.\"><\/object><a id=\"wp-block-file--media-8563489d-bad1-4192-928a-2ddd09782025\" href=\"https:\/\/cpid.fr\/wp-content\/uploads\/2025\/02\/CPID-Colloque-27-Nov-2024-2.pdf\">CPID- Colloque &#8211; 27 Nov 2024<\/a><a href=\"https:\/\/cpid.fr\/wp-content\/uploads\/2025\/02\/CPID-Colloque-27-Nov-2024-2.pdf\" class=\"wp-block-file__button wp-element-button\" download aria-describedby=\"wp-block-file--media-8563489d-bad1-4192-928a-2ddd09782025\">Download<\/a><\/div>\n\n\n\n<hr class=\"wp-block-separator has-alpha-channel-opacity\"\/>\n\n\n\n<h2 class=\"wp-block-heading\">Colloque \u00e0 la salle Victore Hugo de l\u2019Assembl\u00e9e nationale \u2013 le 30 janvier 2024<\/h2>\n\n\n\n<div data-wp-interactive=\"core\/file\" class=\"wp-block-file\"><object data-wp-bind--hidden=\"!state.hasPdfPreview\" hidden class=\"wp-block-file__embed\" data=\"https:\/\/cpid.fr\/wp-content\/uploads\/2024\/02\/CPID-colloque-JAN-2024-Imprimerie.pdf\" type=\"application\/pdf\" style=\"width:100%;height:720px\" aria-label=\"Embed of CPID-colloque-JAN-2024-Imprimerie.\"><\/object><a id=\"wp-block-file--media-af935220-e291-40cd-8835-e47e4dad5eda\" href=\"https:\/\/cpid.fr\/wp-content\/uploads\/2024\/02\/CPID-colloque-JAN-2024-Imprimerie.pdf\">CPID-colloque-JAN-2024-Imprimerie<\/a><a href=\"https:\/\/cpid.fr\/wp-content\/uploads\/2024\/02\/CPID-colloque-JAN-2024-Imprimerie.pdf\" class=\"wp-block-file__button wp-element-button\" download aria-describedby=\"wp-block-file--media-af935220-e291-40cd-8835-e47e4dad5eda\">Download<\/a><\/div>\n\n\n\n<hr class=\"wp-block-separator has-alpha-channel-opacity\"\/>\n\n\n\n<h2 class=\"wp-block-heading\">Journ\u00e9e internationale contre la peine de mort \u2013 11 octobre 2023<\/h2>\n\n\n\n<div data-wp-interactive=\"core\/file\" class=\"wp-block-file\"><object data-wp-bind--hidden=\"!state.hasPdfPreview\" hidden class=\"wp-block-file__embed\" data=\"https:\/\/cpid.fr\/wp-content\/uploads\/2024\/02\/Journee-internationale-contre-la-peine-de-mort-11-octobre.pdf\" type=\"application\/pdf\" style=\"width:100%;height:730px\" aria-label=\"Embed of Journee-internationale-contre-la-peine-de-mort-11-octobre.\"><\/object><a id=\"wp-block-file--media-4825b63e-5827-4709-a883-3cd8426c88d7\" href=\"https:\/\/cpid.fr\/wp-content\/uploads\/2024\/02\/Journee-internationale-contre-la-peine-de-mort-11-octobre.pdf\">Journee-internationale-contre-la-peine-de-mort-11-octobre<\/a><a href=\"https:\/\/cpid.fr\/wp-content\/uploads\/2024\/02\/Journee-internationale-contre-la-peine-de-mort-11-octobre.pdf\" class=\"wp-block-file__button wp-element-button\" download aria-describedby=\"wp-block-file--media-4825b63e-5827-4709-a883-3cd8426c88d7\">Download<\/a><\/div>\n\n\n\n<hr class=\"wp-block-separator has-alpha-channel-opacity\"\/>\n\n\n\n<p class=\"has-medium-font-size\"><strong>R\u00e9union \u00e0 la salle Colbert<\/strong> &#8211; <strong>f\u00e9vrier<\/strong> <strong>2023<\/strong><\/p>\n\n\n\n<div data-wp-interactive=\"core\/file\" class=\"wp-block-file aligncenter\"><object data-wp-bind--hidden=\"!state.hasPdfPreview\" hidden class=\"wp-block-file__embed\" data=\"https:\/\/cpid.fr\/wp-content\/uploads\/2023\/09\/cpid6-FEVRIER25Mars-2023.pdf\" type=\"application\/pdf\" style=\"width:100%;height:700px\" aria-label=\"Embed of cpid6-FEVRIER25Mars-2023.\"><\/object><a id=\"wp-block-file--media-caa31929-e74d-4d82-90d1-f8a5d801e2b0\" href=\"https:\/\/cpid.fr\/wp-content\/uploads\/2023\/09\/cpid6-FEVRIER25Mars-2023.pdf\" target=\"_blank\" rel=\"noreferrer noopener\">cpid6-FEVRIER25Mars-2023<\/a><a href=\"https:\/\/cpid.fr\/wp-content\/uploads\/2023\/09\/cpid6-FEVRIER25Mars-2023.pdf\" class=\"wp-block-file__button wp-element-button\" download aria-describedby=\"wp-block-file--media-caa31929-e74d-4d82-90d1-f8a5d801e2b0\">Download<\/a><\/div>\n\n\n\n<hr class=\"wp-block-separator has-alpha-channel-opacity\"\/>\n\n\n\n<p class=\"has-medium-font-size\"><strong>CPID-R\u00e9union AN-12 janvier 2022<\/strong><\/p>\n\n\n\n<div data-wp-interactive=\"core\/file\" class=\"wp-block-file aligncenter\"><object data-wp-bind--hidden=\"!state.hasPdfPreview\" hidden class=\"wp-block-file__embed\" data=\"https:\/\/cpid.fr\/wp-content\/uploads\/2023\/09\/CPID-Reunion-AN-12-janvier-2022.pdf\" type=\"application\/pdf\" style=\"width:100%;height:250px\" aria-label=\"Embed of CPID-Reunion-AN-12-janvier-2022.\"><\/object><a id=\"wp-block-file--media-48af5b4d-397f-459c-99ed-77dd9e7cd8b2\" href=\"https:\/\/cpid.fr\/wp-content\/uploads\/2023\/09\/CPID-Reunion-AN-12-janvier-2022.pdf\" target=\"_blank\" rel=\"noreferrer noopener\">CPID-Reunion-AN-12-janvier-2022<\/a><a href=\"https:\/\/cpid.fr\/wp-content\/uploads\/2023\/09\/CPID-Reunion-AN-12-janvier-2022.pdf\" class=\"wp-block-file__button wp-element-button\" download aria-describedby=\"wp-block-file--media-48af5b4d-397f-459c-99ed-77dd9e7cd8b2\">Download<\/a><\/div>\n\n\n\n<hr class=\"wp-block-separator has-alpha-channel-opacity\"\/>\n\n\n\n<p class=\"has-medium-font-size\"><strong>r\u00e9union CPID 29 octobre 2019<\/strong><\/p>\n\n\n\n<div data-wp-interactive=\"core\/file\" class=\"wp-block-file aligncenter\"><object data-wp-bind--hidden=\"!state.hasPdfPreview\" hidden class=\"wp-block-file__embed\" data=\"https:\/\/cpid.fr\/wp-content\/uploads\/2023\/09\/reunion-CPID-29-octobre-2019.pdf\" type=\"application\/pdf\" style=\"width:100%;height:250px\" aria-label=\"Embed of reunion-CPID-29-octobre-2019.\"><\/object><a id=\"wp-block-file--media-e92aa7d1-0e21-4602-a2ed-829b883a5b72\" href=\"https:\/\/cpid.fr\/wp-content\/uploads\/2023\/09\/reunion-CPID-29-octobre-2019.pdf\" target=\"_blank\" rel=\"noreferrer noopener\">reunion-CPID-29-octobre-2019<\/a><a href=\"https:\/\/cpid.fr\/wp-content\/uploads\/2023\/09\/reunion-CPID-29-octobre-2019.pdf\" class=\"wp-block-file__button wp-element-button\" download aria-describedby=\"wp-block-file--media-e92aa7d1-0e21-4602-a2ed-829b883a5b72\">Download<\/a><\/div>\n\n\n\n<hr class=\"wp-block-separator has-alpha-channel-opacity\"\/>\n\n\n\n<p class=\"has-medium-font-size\"><strong>CPID-reunion Colbert-AN-21f\u00e9vrier2019<\/strong><\/p>\n\n\n\n<div data-wp-interactive=\"core\/file\" class=\"wp-block-file aligncenter\"><object data-wp-bind--hidden=\"!state.hasPdfPreview\" hidden class=\"wp-block-file__embed\" data=\"https:\/\/cpid.fr\/wp-content\/uploads\/2023\/09\/CPID-reunion-Colbert-AN-21fevrier2019.pdf\" type=\"application\/pdf\" style=\"width:100%;height:250px\" aria-label=\"Embed of CPID-reunion-Colbert-AN-21fevrier2019.\"><\/object><a id=\"wp-block-file--media-04854629-b438-4339-8dd4-60982b967b64\" href=\"https:\/\/cpid.fr\/wp-content\/uploads\/2023\/09\/CPID-reunion-Colbert-AN-21fevrier2019.pdf\" target=\"_blank\" rel=\"noreferrer noopener\">CPID-reunion-Colbert-AN-21fevrier2019<\/a><a href=\"https:\/\/cpid.fr\/wp-content\/uploads\/2023\/09\/CPID-reunion-Colbert-AN-21fevrier2019.pdf\" class=\"wp-block-file__button wp-element-button\" download aria-describedby=\"wp-block-file--media-04854629-b438-4339-8dd4-60982b967b64\">Download<\/a><\/div>\n\n\n\n<hr class=\"wp-block-separator has-alpha-channel-opacity\"\/>\n\n\n\n<p class=\"has-medium-font-size\"><strong>cpid-14fevrier2018<\/strong><\/p>\n\n\n\n<div data-wp-interactive=\"core\/file\" class=\"wp-block-file aligncenter\"><object data-wp-bind--hidden=\"!state.hasPdfPreview\" hidden class=\"wp-block-file__embed\" data=\"https:\/\/cpid.fr\/wp-content\/uploads\/2023\/09\/cpid-14fevrier2018-12-pages.pdf\" type=\"application\/pdf\" style=\"width:100%;height:250px\" aria-label=\"Embed of cpid-14fevrier2018-12-pages.\"><\/object><a id=\"wp-block-file--media-79c51006-918c-49f3-b42e-a581115fff6f\" href=\"https:\/\/cpid.fr\/wp-content\/uploads\/2023\/09\/cpid-14fevrier2018-12-pages.pdf\" target=\"_blank\" rel=\"noreferrer noopener\">cpid-14fevrier2018-12-pages<\/a><a href=\"https:\/\/cpid.fr\/wp-content\/uploads\/2023\/09\/cpid-14fevrier2018-12-pages.pdf\" class=\"wp-block-file__button wp-element-button\" download aria-describedby=\"wp-block-file--media-79c51006-918c-49f3-b42e-a581115fff6f\">Download<\/a><\/div>\n\n\n\n<hr class=\"wp-block-separator has-alpha-channel-opacity\"\/>\n\n\n\n<p class=\"has-medium-font-size\"><strong>bulletin-Info-CPID-17jan2017<\/strong><\/p>\n\n\n\n<div data-wp-interactive=\"core\/file\" class=\"wp-block-file aligncenter\"><object data-wp-bind--hidden=\"!state.hasPdfPreview\" hidden class=\"wp-block-file__embed\" data=\"https:\/\/cpid.fr\/wp-content\/uploads\/2023\/09\/bulletin-Info-CPID-17jan2017.pdf\" type=\"application\/pdf\" style=\"width:100%;height:250px\" aria-label=\"Embed of bulletin-Info-CPID-17jan2017.\"><\/object><a id=\"wp-block-file--media-836a622c-c20c-4374-95cf-caa0019677ea\" href=\"https:\/\/cpid.fr\/wp-content\/uploads\/2023\/09\/bulletin-Info-CPID-17jan2017.pdf\" target=\"_blank\" rel=\"noreferrer noopener\">bulletin-Info-CPID-17jan2017<\/a><a href=\"https:\/\/cpid.fr\/wp-content\/uploads\/2023\/09\/bulletin-Info-CPID-17jan2017.pdf\" class=\"wp-block-file__button wp-element-button\" download aria-describedby=\"wp-block-file--media-836a622c-c20c-4374-95cf-caa0019677ea\">Download<\/a><\/div>\n\n\n\n<hr class=\"wp-block-separator has-alpha-channel-opacity\"\/>\n\n\n\n<p class=\"has-medium-font-size\"><strong>AN-20 fevrier2013<\/strong><\/p>\n\n\n\n<div data-wp-interactive=\"core\/file\" class=\"wp-block-file aligncenter\"><object data-wp-bind--hidden=\"!state.hasPdfPreview\" hidden class=\"wp-block-file__embed\" data=\"https:\/\/cpid.fr\/wp-content\/uploads\/2023\/09\/AN-20-fevrier2013.final_.pdf\" type=\"application\/pdf\" style=\"width:100%;height:250px\" aria-label=\"Embed of AN-20-fevrier2013.final_.\"><\/object><a id=\"wp-block-file--media-0283243e-b611-45ec-825f-17db1d58d6d8\" href=\"https:\/\/cpid.fr\/wp-content\/uploads\/2023\/09\/AN-20-fevrier2013.final_.pdf\" target=\"_blank\" rel=\"noreferrer noopener\">AN-20-fevrier2013.final_<\/a><a href=\"https:\/\/cpid.fr\/wp-content\/uploads\/2023\/09\/AN-20-fevrier2013.final_.pdf\" class=\"wp-block-file__button wp-element-button\" download aria-describedby=\"wp-block-file--media-0283243e-b611-45ec-825f-17db1d58d6d8\">Download<\/a><\/div>\n","protected":false},"excerpt":{"rendered":"<p>Situation de crise en Iran : quelle sortie ?Conf\u00e9rence au Palais Bourbon &#8211; 15 d\u00e9cembre 2025 Cl\u00e9 de la crise au Moyen-Orient &#8211; Colloque \u00e0 la Maison de la Chemie &#8211; le 27 novembre 2024 Colloque \u00e0 la salle Victore &hellip; <a href=\"https:\/\/cpid.fr\/index.php\/publications\/\">Continued<\/a><\/p>\n","protected":false},"author":2,"featured_media":0,"parent":0,"menu_order":0,"comment_status":"closed","ping_status":"closed","template":"","meta":{"footnotes":""},"class_list":["post-11","page","type-page","status-publish","hentry"],"_links":{"self":[{"href":"https:\/\/cpid.fr\/index.php\/wp-json\/wp\/v2\/pages\/11","targetHints":{"allow":["GET"]}}],"collection":[{"href":"https:\/\/cpid.fr\/index.php\/wp-json\/wp\/v2\/pages"}],"about":[{"href":"https:\/\/cpid.fr\/index.php\/wp-json\/wp\/v2\/types\/page"}],"author":[{"embeddable":true,"href":"https:\/\/cpid.fr\/index.php\/wp-json\/wp\/v2\/users\/2"}],"replies":[{"embeddable":true,"href":"https:\/\/cpid.fr\/index.php\/wp-json\/wp\/v2\/comments?post=11"}],"version-history":[{"count":26,"href":"https:\/\/cpid.fr\/index.php\/wp-json\/wp\/v2\/pages\/11\/revisions"}],"predecessor-version":[{"id":503,"href":"https:\/\/cpid.fr\/index.php\/wp-json\/wp\/v2\/pages\/11\/revisions\/503"}],"wp:attachment":[{"href":"https:\/\/cpid.fr\/index.php\/wp-json\/wp\/v2\/media?parent=11"}],"curies":[{"name":"wp","href":"https:\/\/api.w.org\/{rel}","templated":true}]}}